{"id":6401,"date":"2022-03-29T22:46:54","date_gmt":"2022-03-30T02:46:54","guid":{"rendered":"https:\/\/www.tipsamerica.us\/?page_id=6401"},"modified":"2022-03-29T22:46:54","modified_gmt":"2022-03-30T02:46:54","slug":"cookie-policy","status":"publish","type":"page","link":"https:\/\/www.tipsamerica.us\/pt\/cookie-policy\/","title":{"rendered":"Pol\u00edtica de Cookies"},"content":{"rendered":"<div class=\"cli_pg_page_contaner\">\n<h3>Sobre nossa pol\u00edtica de cookies<\/h3>\n<div>Esta Pol\u00edtica de Cookies explica o que s\u00e3o cookies e como os usamos, os tipos de cookies que usamos, ou seja, as informa\u00e7\u00f5es que coletamos usando cookies e como essas informa\u00e7\u00f5es s\u00e3o usadas e como controlar as prefer\u00eancias de cookies. Para obter mais informa\u00e7\u00f5es sobre como usamos, armazenamos e mantemos seus dados pessoais seguros, consulte nossa Pol\u00edtica de Privacidade.<\/p>\n<p>Voc\u00ea pode a qualquer momento alterar ou retirar seu consentimento da Declara\u00e7\u00e3o de Cookies em nosso site<br \/>\nSaiba mais sobre quem somos, como voc\u00ea pode entrar em contato conosco e como processamos dados pessoais em nossa Pol\u00edtica de Privacidade.<br \/>\nSeu consentimento se aplica aos seguintes dom\u00ednios: www.tipsamerica.us<br \/>\n<div class=\"cli_user_consent_state\">Seu estado atual: N\u00e3o foi dado consentimento. <a class=\"cli_manage_current_consent\" style=\"cursor:pointer;text-decoration:underline;\">Gerenciar consentimento.<\/a> <\/div><\/p>\n<\/div>\n<h3>O que s\u00e3o cookies?<\/h3>\n<div>Cookies s\u00e3o pequenos arquivos de texto usados para armazenar pequenas informa\u00e7\u00f5es. Eles s\u00e3o armazenados no seu dispositivo quando o site \u00e9 carregado no seu navegador. Esses cookies nos ajudam a fazer o site funcionar corretamente, torn\u00e1-lo mais seguro, fornecer uma melhor experi\u00eancia ao usu\u00e1rio e entender como o site funciona e analisar o que funciona e onde precisa ser melhorado.<\/div>\n<h3>Como n\u00f3s usamos os cookies?<\/h3>\n<div>Como a maioria dos servi\u00e7os online, nosso site usa cookies pr\u00f3prios e de terceiros para diversos fins. Os cookies prim\u00e1rios s\u00e3o principalmente necess\u00e1rios para que o site funcione da maneira correta e n\u00e3o coletam nenhum dos seus dados de identifica\u00e7\u00e3o pessoal.<\/p>\n<p>Os cookies de terceiros usados em nosso site s\u00e3o principalmente para entender como o site funciona, como voc\u00ea interage com nosso site, manter nossos servi\u00e7os seguros, fornecer an\u00fancios relevantes para voc\u00ea e, em suma, fornecer a voc\u00ea um usu\u00e1rio melhor e aprimorado experi\u00eancia e ajudar a acelerar suas futuras intera\u00e7\u00f5es com nosso site.<\/p>\n<\/div>\n<h3>Que tipos de cookies usamos?<\/h3>\n<div>Essencial: Alguns cookies s\u00e3o essenciais para que voc\u00ea possa experimentar todas as funcionalidades do nosso site. Eles nos permitem manter sess\u00f5es de usu\u00e1rio e evitar quaisquer amea\u00e7as de seguran\u00e7a. Eles n\u00e3o coletam ou armazenam nenhuma informa\u00e7\u00e3o pessoal. Por exemplo, esses cookies permitem que voc\u00ea fa\u00e7a login em sua conta e adicione produtos \u00e0 sua cesta e fa\u00e7a o checkout com seguran\u00e7a.<\/p>\n<p>Estat\u00edsticas: Esses cookies armazenam informa\u00e7\u00f5es como o n\u00famero de visitantes do site, o n\u00famero de visitantes \u00fanicos, quais p\u00e1ginas do site foram visitadas, a fonte da visita etc. Esses dados nos ajudam a entender e analisar o desempenho do site e onde precisa de melhorias.<\/p>\n<p>Marketing: Nosso site exibe an\u00fancios. Esses cookies s\u00e3o usados para personalizar os an\u00fancios que mostramos a voc\u00ea para que sejam significativos para voc\u00ea. Esses cookies tamb\u00e9m nos ajudam a acompanhar a efici\u00eancia dessas campanhas publicit\u00e1rias.<br \/>\nThe information stored in these cookies may also be used by the third-party ad providers to show you ads on other websites on the browser as well.<\/p>\n<p>Funcionais: S\u00e3o os cookies que auxiliam algumas funcionalidades n\u00e3o essenciais em nosso site. Essas funcionalidades incluem incorporar conte\u00fado como v\u00eddeos ou compartilhar conte\u00fado do site em plataformas de m\u00eddia social.<\/p>\n<p>Prefer\u00eancias: Esses cookies nos ajudam a armazenar suas configura\u00e7\u00f5es e prefer\u00eancias de navega\u00e7\u00e3o, como prefer\u00eancias de idioma, para que voc\u00ea tenha uma experi\u00eancia melhor e eficiente em futuras visitas ao site.<br \/>\n<p>The below list details the cookies used in our website.<\/p><table class=\"cookielawinfo-row-cat-table cookielawinfo-classic\"><thead><tr><th class=\"cookielawinfo-column-1\">Cookie<\/th><th class=\"cookielawinfo-column-4\">Descri\u00e7\u00e3o<\/th><\/tr><\/thead><tbody><tr class=\"cookielawinfo-row\"><td class=\"cookielawinfo-column-1\">cookielawinfo-checkbox-analytics<\/td><td class=\"cookielawinfo-column-4\">Este cookie \u00e9 definido pelo plug-in GDPR Cookie Consent. O cookie \u00e9 usado para armazenar o consentimento do usu\u00e1rio para os cookies na categoria \"Analytics\".<\/td><\/tr><tr class=\"cookielawinfo-row\"><td class=\"cookielawinfo-column-1\">cookielawinfo-checkbox-functional<\/td><td class=\"cookielawinfo-column-4\">O cookie \u00e9 definido pelo consentimento do cookie GDPR para registrar o consentimento do usu\u00e1rio para os cookies na categoria \"Funcional\".<\/td><\/tr><tr class=\"cookielawinfo-row\"><td class=\"cookielawinfo-column-1\">cookielawinfo-checkbox-necessary<\/td><td class=\"cookielawinfo-column-4\">Este cookie \u00e9 definido pelo plug-in GDPR Cookie Consent. Os cookies s\u00e3o usados para armazenar o consentimento do usu\u00e1rio para os cookies na categoria \"Necess\u00e1rio\".<\/td><\/tr><tr class=\"cookielawinfo-row\"><td class=\"cookielawinfo-column-1\">cookielawinfo-checkbox-others<\/td><td class=\"cookielawinfo-column-4\">Este cookie \u00e9 definido pelo plug-in GDPR Cookie Consent. O cookie \u00e9 usado para armazenar o consentimento do usu\u00e1rio para os cookies na categoria \"Outros.<\/td><\/tr><tr class=\"cookielawinfo-row\"><td class=\"cookielawinfo-column-1\">cookielawinfo-checkbox-performance<\/td><td class=\"cookielawinfo-column-4\">Este cookie \u00e9 definido pelo plug-in GDPR Cookie Consent. O cookie \u00e9 usado para armazenar o consentimento do usu\u00e1rio para os cookies na categoria \"Desempenho\".<\/td><\/tr><tr class=\"cookielawinfo-row\"><td class=\"cookielawinfo-column-1\">viewed_cookie_policy<\/td><td class=\"cookielawinfo-column-4\">O cookie \u00e9 definido pelo plug-in GDPR Cookie Consent e \u00e9 usado para armazenar se o usu\u00e1rio consentiu ou n\u00e3o com o uso de cookies. Ele n\u00e3o armazena nenhum dado pessoal.<\/td><\/tr><\/tbody><\/table><\/p>\n<\/div>\n<h3>Como posso controlar as prefer\u00eancias de cookies?<\/h3>\n<div>Caso decida alterar suas prefer\u00eancias posteriormente durante sua sess\u00e3o de navega\u00e7\u00e3o, voc\u00ea pode clicar na guia \u201cPrivacidade e Pol\u00edtica de Cookies\u201d na tela. Isso exibir\u00e1 o aviso de consentimento novamente, permitindo que voc\u00ea altere suas prefer\u00eancias ou retire totalmente seu consentimento.<\/p>\n<p>Al\u00e9m disso, diferentes navegadores fornecem m\u00e9todos diferentes para bloquear e excluir cookies usados por sites. Voc\u00ea pode alterar as configura\u00e7\u00f5es do seu navegador para bloquear\/excluir os cookies. Para saber mais sobre como gerenciar e excluir cookies, visite wikipedia.org, www.allaboutcookies.org.<\/p>\n<\/div>\n<\/div>","protected":false},"excerpt":{"rendered":"<p>About this cookie policy This Cookie Policy explains what cookies are and how we use them, the types of cookies we use i.e, the information we collect using cookies and how that information is used, and how to control the cookie preferences. For further information on how we use, store, and keep your personal data [&hellip;]<\/p>\n","protected":false},"author":1,"featured_media":0,"parent":0,"menu_order":0,"comment_status":"closed","ping_status":"closed","template":"","meta":{"_citadela_hide_page_title":"","_citadela_remove_header_space":"","_citadela_custom_class":"","_citadela_half_map_provider":"","_citadela_half_map_theme":"","_citadela_half_map_themeOSM":"","_citadela_half_map_customTheme":"","_citadela_half_map_dataType":"","_citadela_half_map_dynamicTrack":false,"_citadela_half_map_trackColor":"","_citadela_half_map_trackEndpointsColor":"","_citadela_half_map_filterCategory":"","_citadela_half_map_filterLocation":"","_citadela_half_map_filterFeatured":false,"_citadela_half_map_noDataBehavior":"empty-map","_citadela_half_map_noDataText":"","_citadela_half_map_clusterGridSize":80,"_citadela_header":false,"_citadela_header_over_content":false,"_citadela_header_text_color":"","_citadela_header_logo":[],"_citadela_header_bg_image":[],"_citadela_header_bg_position":[],"_citadela_header_bg_size":"","_citadela_header_bg_repeat":"","_citadela_header_bg_fixed":false,"_citadela_header_bg_color":"","_citadela_header_bg_image_overlay":"","_citadela_header_transparent_bg":false,"_citadela_content_width":"","_citadela_half_layout_position":"","footnotes":""},"class_list":["post-6401","page","type-page","status-publish","hentry"],"yoast_head":"<!-- This site is optimized with the Yoast SEO plugin v27.4 - https:\/\/yoast.com\/product\/yoast-seo-wordpress\/ -->\n<title>Cookie Policy - Tips America<\/title>\n<meta name=\"robots\" content=\"index, follow, max-snippet:-1, max-image-preview:large, max-video-preview:-1\" \/>\n<link rel=\"canonical\" href=\"https:\/\/www.tipsamerica.us\/pt\/cookie-policy\/\" \/>\n<meta property=\"og:locale\" content=\"pt_BR\" \/>\n<meta property=\"og:type\" content=\"article\" \/>\n<meta property=\"og:title\" content=\"Cookie Policy - Tips America\" \/>\n<meta property=\"og:description\" content=\"About this cookie policy This Cookie Policy explains what cookies are and how we use them, the types of cookies we use i.e, the information we collect using cookies and how that information is used, and how to control the cookie preferences. For further information on how we use, store, and keep your personal data [&hellip;]\" \/>\n<meta property=\"og:url\" content=\"https:\/\/www.tipsamerica.us\/pt\/cookie-policy\/\" \/>\n<meta property=\"og:site_name\" content=\"Tips America\" \/>\n<meta name=\"twitter:card\" content=\"summary_large_image\" \/>\n<meta name=\"twitter:label1\" content=\"Est. tempo de leitura\" \/>\n\t<meta name=\"twitter:data1\" content=\"3 minutos\" \/>\n<script type=\"application\/ld+json\" class=\"yoast-schema-graph\">{\"@context\":\"https:\\\/\\\/schema.org\",\"@graph\":[{\"@type\":\"WebPage\",\"@id\":\"https:\\\/\\\/www.tipsamerica.us\\\/cookie-policy\\\/\",\"url\":\"https:\\\/\\\/www.tipsamerica.us\\\/cookie-policy\\\/\",\"name\":\"Cookie Policy - Tips America\",\"isPartOf\":{\"@id\":\"https:\\\/\\\/www.tipsamerica.us\\\/#website\"},\"datePublished\":\"2022-03-30T02:46:54+00:00\",\"breadcrumb\":{\"@id\":\"https:\\\/\\\/www.tipsamerica.us\\\/cookie-policy\\\/#breadcrumb\"},\"inLanguage\":\"pt-BR\",\"potentialAction\":[{\"@type\":\"ReadAction\",\"target\":[\"https:\\\/\\\/www.tipsamerica.us\\\/cookie-policy\\\/\"]}]},{\"@type\":\"BreadcrumbList\",\"@id\":\"https:\\\/\\\/www.tipsamerica.us\\\/cookie-policy\\\/#breadcrumb\",\"itemListElement\":[{\"@type\":\"ListItem\",\"position\":1,\"name\":\"Home\",\"item\":\"https:\\\/\\\/www.tipsamerica.us\\\/\"},{\"@type\":\"ListItem\",\"position\":2,\"name\":\"Cookie Policy\"}]},{\"@type\":\"WebSite\",\"@id\":\"https:\\\/\\\/www.tipsamerica.us\\\/#website\",\"url\":\"https:\\\/\\\/www.tipsamerica.us\\\/\",\"name\":\"Tips America\",\"description\":\"All of America at Your Fingertips\",\"publisher\":{\"@id\":\"https:\\\/\\\/www.tipsamerica.us\\\/#\\\/schema\\\/person\\\/94691ed7329cef63f0f580a35f9241a4\"},\"potentialAction\":[{\"@type\":\"SearchAction\",\"target\":{\"@type\":\"EntryPoint\",\"urlTemplate\":\"https:\\\/\\\/www.tipsamerica.us\\\/?s={search_term_string}\"},\"query-input\":{\"@type\":\"PropertyValueSpecification\",\"valueRequired\":true,\"valueName\":\"search_term_string\"}}],\"inLanguage\":\"pt-BR\"},{\"@type\":[\"Person\",\"Organization\"],\"@id\":\"https:\\\/\\\/www.tipsamerica.us\\\/#\\\/schema\\\/person\\\/94691ed7329cef63f0f580a35f9241a4\",\"name\":\"tipsamerica\",\"image\":{\"@type\":\"ImageObject\",\"inLanguage\":\"pt-BR\",\"@id\":\"https:\\\/\\\/www.tipsamerica.us\\\/wp-content\\\/uploads\\\/2022\\\/04\\\/rss-logo.png\",\"url\":\"https:\\\/\\\/www.tipsamerica.us\\\/wp-content\\\/uploads\\\/2022\\\/04\\\/rss-logo.png\",\"contentUrl\":\"https:\\\/\\\/www.tipsamerica.us\\\/wp-content\\\/uploads\\\/2022\\\/04\\\/rss-logo.png\",\"width\":200,\"height\":200,\"caption\":\"tipsamerica\"},\"logo\":{\"@id\":\"https:\\\/\\\/www.tipsamerica.us\\\/wp-content\\\/uploads\\\/2022\\\/04\\\/rss-logo.png\"},\"sameAs\":[\"http:\\\/\\\/www.tipsamerica.us\"]}]}<\/script>\n<!-- \/ Yoast SEO plugin. -->","yoast_head_json":{"title":"Cookie Policy - Tips America","robots":{"index":"index","follow":"follow","max-snippet":"max-snippet:-1","max-image-preview":"max-image-preview:large","max-video-preview":"max-video-preview:-1"},"canonical":"https:\/\/www.tipsamerica.us\/pt\/cookie-policy\/","og_locale":"pt_BR","og_type":"article","og_title":"Cookie Policy - Tips America","og_description":"About this cookie policy This Cookie Policy explains what cookies are and how we use them, the types of cookies we use i.e, the information we collect using cookies and how that information is used, and how to control the cookie preferences. For further information on how we use, store, and keep your personal data [&hellip;]","og_url":"https:\/\/www.tipsamerica.us\/pt\/cookie-policy\/","og_site_name":"Tips America","twitter_card":"summary_large_image","twitter_misc":{"Est. tempo de leitura":"3 minutos"},"schema":{"@context":"https:\/\/schema.org","@graph":[{"@type":"WebPage","@id":"https:\/\/www.tipsamerica.us\/cookie-policy\/","url":"https:\/\/www.tipsamerica.us\/cookie-policy\/","name":"Cookie Policy - Tips America","isPartOf":{"@id":"https:\/\/www.tipsamerica.us\/#website"},"datePublished":"2022-03-30T02:46:54+00:00","breadcrumb":{"@id":"https:\/\/www.tipsamerica.us\/cookie-policy\/#breadcrumb"},"inLanguage":"pt-BR","potentialAction":[{"@type":"ReadAction","target":["https:\/\/www.tipsamerica.us\/cookie-policy\/"]}]},{"@type":"BreadcrumbList","@id":"https:\/\/www.tipsamerica.us\/cookie-policy\/#breadcrumb","itemListElement":[{"@type":"ListItem","position":1,"name":"Home","item":"https:\/\/www.tipsamerica.us\/"},{"@type":"ListItem","position":2,"name":"Cookie Policy"}]},{"@type":"WebSite","@id":"https:\/\/www.tipsamerica.us\/#website","url":"https:\/\/www.tipsamerica.us\/","name":"Tips America","description":"All of America at Your Fingertips","publisher":{"@id":"https:\/\/www.tipsamerica.us\/#\/schema\/person\/94691ed7329cef63f0f580a35f9241a4"},"potentialAction":[{"@type":"SearchAction","target":{"@type":"EntryPoint","urlTemplate":"https:\/\/www.tipsamerica.us\/?s={search_term_string}"},"query-input":{"@type":"PropertyValueSpecification","valueRequired":true,"valueName":"search_term_string"}}],"inLanguage":"pt-BR"},{"@type":["Person","Organization"],"@id":"https:\/\/www.tipsamerica.us\/#\/schema\/person\/94691ed7329cef63f0f580a35f9241a4","name":"tipsamerica","image":{"@type":"ImageObject","inLanguage":"pt-BR","@id":"https:\/\/www.tipsamerica.us\/wp-content\/uploads\/2022\/04\/rss-logo.png","url":"https:\/\/www.tipsamerica.us\/wp-content\/uploads\/2022\/04\/rss-logo.png","contentUrl":"https:\/\/www.tipsamerica.us\/wp-content\/uploads\/2022\/04\/rss-logo.png","width":200,"height":200,"caption":"tipsamerica"},"logo":{"@id":"https:\/\/www.tipsamerica.us\/wp-content\/uploads\/2022\/04\/rss-logo.png"},"sameAs":["http:\/\/www.tipsamerica.us"]}]}},"_links":{"self":[{"href":"https:\/\/www.tipsamerica.us\/pt\/wp-json\/wp\/v2\/pages\/6401","targetHints":{"allow":["GET"]}}],"collection":[{"href":"https:\/\/www.tipsamerica.us\/pt\/wp-json\/wp\/v2\/pages"}],"about":[{"href":"https:\/\/www.tipsamerica.us\/pt\/wp-json\/wp\/v2\/types\/page"}],"author":[{"embeddable":true,"href":"https:\/\/www.tipsamerica.us\/pt\/wp-json\/wp\/v2\/users\/1"}],"replies":[{"embeddable":true,"href":"https:\/\/www.tipsamerica.us\/pt\/wp-json\/wp\/v2\/comments?post=6401"}],"version-history":[{"count":1,"href":"https:\/\/www.tipsamerica.us\/pt\/wp-json\/wp\/v2\/pages\/6401\/revisions"}],"predecessor-version":[{"id":6403,"href":"https:\/\/www.tipsamerica.us\/pt\/wp-json\/wp\/v2\/pages\/6401\/revisions\/6403"}],"wp:attachment":[{"href":"https:\/\/www.tipsamerica.us\/pt\/wp-json\/wp\/v2\/media?parent=6401"}],"curies":[{"name":"wp","href":"https:\/\/api.w.org\/{rel}","templated":true}]}}