{"id":5926,"date":"2021-02-17T14:41:56","date_gmt":"2021-02-17T14:41:56","guid":{"rendered":"https:\/\/www.tipsamerica.us\/product\/basic-subscription\/"},"modified":"2025-11-08T10:46:44","modified_gmt":"2025-11-08T15:46:44","slug":"basic-subscription","status":"publish","type":"product","link":"https:\/\/www.tipsamerica.us\/pt\/produto\/basic-subscription\/","title":{"rendered":"Assinatura B\u00e1sica"},"content":{"rendered":"","protected":false},"excerpt":{"rendered":"<p>Promova seu neg\u00f3cio \u00fanico em nosso portal.<br \/>\nA assinatura b\u00e1sica inclui todos as funcionalidades para que seu neg\u00f3cio seja encontrado. Todos os seus dados de contato, navega\u00e7\u00e3o para o seu neg\u00f3cio e categoriza\u00e7\u00e3o personalizada.<\/p>\n<p>Confira os recursos detalhados na tabela abaixo.<\/p>\n<hr \/>\n<p><span style=\"color: #7d829f;\"><strong>Se voc\u00ea planeja adicionar mais empresas, recomendamos que voc\u00ea verifique nossos outros planos com maior n\u00famero m\u00e1ximo de itens adicionados.<\/strong><\/span><\/p>","protected":false},"featured_media":6468,"comment_status":"open","ping_status":"closed","template":"","meta":[],"product_brand":[],"product_cat":[368],"product_tag":[],"class_list":{"0":"post-5926","1":"product","2":"type-product","3":"status-publish","4":"has-post-thumbnail","6":"product_cat-directory-subscriptions","8":"first","9":"instock","10":"virtual","11":"sold-individually","12":"purchasable","13":"product-type-subscription"},"yoast_head":"<!-- This site is optimized with the Yoast SEO plugin v27.4 - https:\/\/yoast.com\/product\/yoast-seo-wordpress\/ -->\n<title>Basic Subscription - Tips America<\/title>\n<meta name=\"robots\" content=\"index, follow, max-snippet:-1, max-image-preview:large, max-video-preview:-1\" \/>\n<link rel=\"canonical\" href=\"https:\/\/www.tipsamerica.us\/pt\/produto\/basic-subscription\/\" \/>\n<meta property=\"og:locale\" content=\"pt_BR\" \/>\n<meta property=\"og:type\" content=\"article\" \/>\n<meta property=\"og:title\" content=\"Basic Subscription - Tips America\" \/>\n<meta property=\"og:description\" content=\"Promote your single business on our directory website. Basic subscription includes all essentials for your business listing to be discovered. All your contact details, navigation to your business and custom categorization.  Check out detailed features in the table below.    If you plan to add more businesses we recommend you to check our other plans with increased max number of added items.\" \/>\n<meta property=\"og:url\" content=\"https:\/\/www.tipsamerica.us\/pt\/produto\/basic-subscription\/\" \/>\n<meta property=\"og:site_name\" content=\"Tips America\" \/>\n<meta property=\"article:modified_time\" content=\"2025-11-08T15:46:44+00:00\" \/>\n<meta property=\"og:image\" content=\"https:\/\/www.tipsamerica.us\/wp-content\/uploads\/2021\/02\/Directory-Subscriptions-Basic.png\" \/>\n\t<meta property=\"og:image:width\" content=\"900\" \/>\n\t<meta property=\"og:image:height\" content=\"900\" \/>\n\t<meta property=\"og:image:type\" content=\"image\/png\" \/>\n<meta name=\"twitter:card\" content=\"summary_large_image\" \/>\n<meta name=\"twitter:label1\" content=\"Est. tempo de leitura\" \/>\n\t<meta name=\"twitter:data1\" content=\"1 minuto\" \/>\n<script type=\"application\/ld+json\" class=\"yoast-schema-graph\">{\"@context\":\"https:\\\/\\\/schema.org\",\"@graph\":[{\"@type\":\"WebPage\",\"@id\":\"https:\\\/\\\/www.tipsamerica.us\\\/product\\\/basic-subscription\\\/\",\"url\":\"https:\\\/\\\/www.tipsamerica.us\\\/product\\\/basic-subscription\\\/\",\"name\":\"Basic Subscription - Tips America\",\"isPartOf\":{\"@id\":\"https:\\\/\\\/www.tipsamerica.us\\\/#website\"},\"primaryImageOfPage\":{\"@id\":\"https:\\\/\\\/www.tipsamerica.us\\\/product\\\/basic-subscription\\\/#primaryimage\"},\"image\":{\"@id\":\"https:\\\/\\\/www.tipsamerica.us\\\/product\\\/basic-subscription\\\/#primaryimage\"},\"thumbnailUrl\":\"https:\\\/\\\/www.tipsamerica.us\\\/wp-content\\\/uploads\\\/2021\\\/02\\\/Directory-Subscriptions-Basic.png\",\"datePublished\":\"2021-02-17T14:41:56+00:00\",\"dateModified\":\"2025-11-08T15:46:44+00:00\",\"breadcrumb\":{\"@id\":\"https:\\\/\\\/www.tipsamerica.us\\\/product\\\/basic-subscription\\\/#breadcrumb\"},\"inLanguage\":\"pt-BR\",\"potentialAction\":[{\"@type\":\"ReadAction\",\"target\":[\"https:\\\/\\\/www.tipsamerica.us\\\/product\\\/basic-subscription\\\/\"]}]},{\"@type\":\"ImageObject\",\"inLanguage\":\"pt-BR\",\"@id\":\"https:\\\/\\\/www.tipsamerica.us\\\/product\\\/basic-subscription\\\/#primaryimage\",\"url\":\"https:\\\/\\\/www.tipsamerica.us\\\/wp-content\\\/uploads\\\/2021\\\/02\\\/Directory-Subscriptions-Basic.png\",\"contentUrl\":\"https:\\\/\\\/www.tipsamerica.us\\\/wp-content\\\/uploads\\\/2021\\\/02\\\/Directory-Subscriptions-Basic.png\",\"width\":900,\"height\":900},{\"@type\":\"BreadcrumbList\",\"@id\":\"https:\\\/\\\/www.tipsamerica.us\\\/product\\\/basic-subscription\\\/#breadcrumb\",\"itemListElement\":[{\"@type\":\"ListItem\",\"position\":1,\"name\":\"Home\",\"item\":\"https:\\\/\\\/www.tipsamerica.us\\\/\"},{\"@type\":\"ListItem\",\"position\":2,\"name\":\"Shop\",\"item\":\"https:\\\/\\\/www.tipsamerica.us\\\/shop\\\/\"},{\"@type\":\"ListItem\",\"position\":3,\"name\":\"Basic Subscription\"}]},{\"@type\":\"WebSite\",\"@id\":\"https:\\\/\\\/www.tipsamerica.us\\\/#website\",\"url\":\"https:\\\/\\\/www.tipsamerica.us\\\/\",\"name\":\"Tips America\",\"description\":\"All of America at Your Fingertips\",\"publisher\":{\"@id\":\"https:\\\/\\\/www.tipsamerica.us\\\/#\\\/schema\\\/person\\\/94691ed7329cef63f0f580a35f9241a4\"},\"potentialAction\":[{\"@type\":\"SearchAction\",\"target\":{\"@type\":\"EntryPoint\",\"urlTemplate\":\"https:\\\/\\\/www.tipsamerica.us\\\/?s={search_term_string}\"},\"query-input\":{\"@type\":\"PropertyValueSpecification\",\"valueRequired\":true,\"valueName\":\"search_term_string\"}}],\"inLanguage\":\"pt-BR\"},{\"@type\":[\"Person\",\"Organization\"],\"@id\":\"https:\\\/\\\/www.tipsamerica.us\\\/#\\\/schema\\\/person\\\/94691ed7329cef63f0f580a35f9241a4\",\"name\":\"tipsamerica\",\"image\":{\"@type\":\"ImageObject\",\"inLanguage\":\"pt-BR\",\"@id\":\"https:\\\/\\\/www.tipsamerica.us\\\/wp-content\\\/uploads\\\/2022\\\/04\\\/rss-logo.png\",\"url\":\"https:\\\/\\\/www.tipsamerica.us\\\/wp-content\\\/uploads\\\/2022\\\/04\\\/rss-logo.png\",\"contentUrl\":\"https:\\\/\\\/www.tipsamerica.us\\\/wp-content\\\/uploads\\\/2022\\\/04\\\/rss-logo.png\",\"width\":200,\"height\":200,\"caption\":\"tipsamerica\"},\"logo\":{\"@id\":\"https:\\\/\\\/www.tipsamerica.us\\\/wp-content\\\/uploads\\\/2022\\\/04\\\/rss-logo.png\"},\"sameAs\":[\"http:\\\/\\\/www.tipsamerica.us\"]}]}<\/script>\n<!-- \/ Yoast SEO plugin. -->","yoast_head_json":{"title":"Basic Subscription - Tips America","robots":{"index":"index","follow":"follow","max-snippet":"max-snippet:-1","max-image-preview":"max-image-preview:large","max-video-preview":"max-video-preview:-1"},"canonical":"https:\/\/www.tipsamerica.us\/pt\/produto\/basic-subscription\/","og_locale":"pt_BR","og_type":"article","og_title":"Basic Subscription - Tips America","og_description":"Promote your single business on our directory website. Basic subscription includes all essentials for your business listing to be discovered. All your contact details, navigation to your business and custom categorization.  Check out detailed features in the table below.    If you plan to add more businesses we recommend you to check our other plans with increased max number of added items.","og_url":"https:\/\/www.tipsamerica.us\/pt\/produto\/basic-subscription\/","og_site_name":"Tips America","article_modified_time":"2025-11-08T15:46:44+00:00","og_image":[{"width":900,"height":900,"url":"https:\/\/www.tipsamerica.us\/wp-content\/uploads\/2021\/02\/Directory-Subscriptions-Basic.png","type":"image\/png"}],"twitter_card":"summary_large_image","twitter_misc":{"Est. tempo de leitura":"1 minuto"},"schema":{"@context":"https:\/\/schema.org","@graph":[{"@type":"WebPage","@id":"https:\/\/www.tipsamerica.us\/product\/basic-subscription\/","url":"https:\/\/www.tipsamerica.us\/product\/basic-subscription\/","name":"Basic Subscription - Tips America","isPartOf":{"@id":"https:\/\/www.tipsamerica.us\/#website"},"primaryImageOfPage":{"@id":"https:\/\/www.tipsamerica.us\/product\/basic-subscription\/#primaryimage"},"image":{"@id":"https:\/\/www.tipsamerica.us\/product\/basic-subscription\/#primaryimage"},"thumbnailUrl":"https:\/\/www.tipsamerica.us\/wp-content\/uploads\/2021\/02\/Directory-Subscriptions-Basic.png","datePublished":"2021-02-17T14:41:56+00:00","dateModified":"2025-11-08T15:46:44+00:00","breadcrumb":{"@id":"https:\/\/www.tipsamerica.us\/product\/basic-subscription\/#breadcrumb"},"inLanguage":"pt-BR","potentialAction":[{"@type":"ReadAction","target":["https:\/\/www.tipsamerica.us\/product\/basic-subscription\/"]}]},{"@type":"ImageObject","inLanguage":"pt-BR","@id":"https:\/\/www.tipsamerica.us\/product\/basic-subscription\/#primaryimage","url":"https:\/\/www.tipsamerica.us\/wp-content\/uploads\/2021\/02\/Directory-Subscriptions-Basic.png","contentUrl":"https:\/\/www.tipsamerica.us\/wp-content\/uploads\/2021\/02\/Directory-Subscriptions-Basic.png","width":900,"height":900},{"@type":"BreadcrumbList","@id":"https:\/\/www.tipsamerica.us\/product\/basic-subscription\/#breadcrumb","itemListElement":[{"@type":"ListItem","position":1,"name":"Home","item":"https:\/\/www.tipsamerica.us\/"},{"@type":"ListItem","position":2,"name":"Shop","item":"https:\/\/www.tipsamerica.us\/shop\/"},{"@type":"ListItem","position":3,"name":"Basic Subscription"}]},{"@type":"WebSite","@id":"https:\/\/www.tipsamerica.us\/#website","url":"https:\/\/www.tipsamerica.us\/","name":"Tips America","description":"All of America at Your Fingertips","publisher":{"@id":"https:\/\/www.tipsamerica.us\/#\/schema\/person\/94691ed7329cef63f0f580a35f9241a4"},"potentialAction":[{"@type":"SearchAction","target":{"@type":"EntryPoint","urlTemplate":"https:\/\/www.tipsamerica.us\/?s={search_term_string}"},"query-input":{"@type":"PropertyValueSpecification","valueRequired":true,"valueName":"search_term_string"}}],"inLanguage":"pt-BR"},{"@type":["Person","Organization"],"@id":"https:\/\/www.tipsamerica.us\/#\/schema\/person\/94691ed7329cef63f0f580a35f9241a4","name":"tipsamerica","image":{"@type":"ImageObject","inLanguage":"pt-BR","@id":"https:\/\/www.tipsamerica.us\/wp-content\/uploads\/2022\/04\/rss-logo.png","url":"https:\/\/www.tipsamerica.us\/wp-content\/uploads\/2022\/04\/rss-logo.png","contentUrl":"https:\/\/www.tipsamerica.us\/wp-content\/uploads\/2022\/04\/rss-logo.png","width":200,"height":200,"caption":"tipsamerica"},"logo":{"@id":"https:\/\/www.tipsamerica.us\/wp-content\/uploads\/2022\/04\/rss-logo.png"},"sameAs":["http:\/\/www.tipsamerica.us"]}]}},"_links":{"self":[{"href":"https:\/\/www.tipsamerica.us\/pt\/wp-json\/wp\/v2\/product\/5926","targetHints":{"allow":["GET"]}}],"collection":[{"href":"https:\/\/www.tipsamerica.us\/pt\/wp-json\/wp\/v2\/product"}],"about":[{"href":"https:\/\/www.tipsamerica.us\/pt\/wp-json\/wp\/v2\/types\/product"}],"replies":[{"embeddable":true,"href":"https:\/\/www.tipsamerica.us\/pt\/wp-json\/wp\/v2\/comments?post=5926"}],"wp:featuredmedia":[{"embeddable":true,"href":"https:\/\/www.tipsamerica.us\/pt\/wp-json\/wp\/v2\/media\/6468"}],"wp:attachment":[{"href":"https:\/\/www.tipsamerica.us\/pt\/wp-json\/wp\/v2\/media?parent=5926"}],"wp:term":[{"taxonomy":"product_brand","embeddable":true,"href":"https:\/\/www.tipsamerica.us\/pt\/wp-json\/wp\/v2\/product_brand?post=5926"},{"taxonomy":"product_cat","embeddable":true,"href":"https:\/\/www.tipsamerica.us\/pt\/wp-json\/wp\/v2\/product_cat?post=5926"},{"taxonomy":"product_tag","embeddable":true,"href":"https:\/\/www.tipsamerica.us\/pt\/wp-json\/wp\/v2\/product_tag?post=5926"}],"curies":[{"name":"wp","href":"https:\/\/api.w.org\/{rel}","templated":true}]}}