{"id":5937,"date":"2021-02-17T14:55:44","date_gmt":"2021-02-17T14:55:44","guid":{"rendered":"https:\/\/www.tipsamerica.us\/product\/corporate-subscription\/"},"modified":"2022-04-04T20:30:18","modified_gmt":"2022-04-05T00:30:18","slug":"corporate-subscription","status":"publish","type":"product","link":"https:\/\/www.tipsamerica.us\/pt\/produto\/corporate-subscription\/","title":{"rendered":"Assinatura Corporate"},"content":{"rendered":"","protected":false},"excerpt":{"rendered":"<p>Promova um n\u00famero ilimitado de neg\u00f3cios em nosso portal.<br \/>\nA assinatura corporate \u00e9 \u00f3tima para empresas com muitas subsidi\u00e1rias ou uma rede de lojas.<\/p>\n<p>Inclui todas as funcionalidades para que seus neg\u00f3cios sejam encontrados. Al\u00e9m de seus detalhes de contato, navega\u00e7\u00e3o para sua empresa e categoriza\u00e7\u00e3o personalizada, tamb\u00e9m existem campos personalizados que s\u00e3o honrados nos resultados da pesquisa. Promova seus neg\u00f3cios como destaque e ative as avalia\u00e7\u00f5es dos visitantes.<\/p>\n<p>Confira os recursos detalhados na tabela abaixo.<\/p>\n<hr \/>\n<p><span style=\"color: #7d829f;\"><strong>Este \u00e9 o nosso plano mais alto dispon\u00edvel com todos os recursos desbloqueados.<br \/>\n<\/strong><\/span><\/p>","protected":false},"featured_media":6470,"comment_status":"open","ping_status":"closed","template":"","meta":[],"product_brand":[],"product_cat":[368],"product_tag":[],"class_list":{"0":"post-5937","1":"product","2":"type-product","3":"status-publish","4":"has-post-thumbnail","6":"product_cat-directory-subscriptions","8":"first","9":"instock","10":"virtual","11":"purchasable","12":"product-type-subscription"},"yoast_head":"<!-- This site is optimized with the Yoast SEO plugin v27.4 - https:\/\/yoast.com\/product\/yoast-seo-wordpress\/ -->\n<title>Corporate Subscription - Tips America<\/title>\n<meta name=\"robots\" content=\"index, follow, max-snippet:-1, max-image-preview:large, max-video-preview:-1\" \/>\n<link rel=\"canonical\" href=\"https:\/\/www.tipsamerica.us\/pt\/produto\/corporate-subscription\/\" \/>\n<meta property=\"og:locale\" content=\"pt_BR\" \/>\n<meta property=\"og:type\" content=\"article\" \/>\n<meta property=\"og:title\" content=\"Corporate Subscription - Tips America\" \/>\n<meta property=\"og:description\" content=\"Promote unlimited number of businesses on our directory website. Corporate subscription is great for companies with many subsidiaries or a network of shops.  Includes everything for your business listings to be discovered. Besides your contact details, navigation to your business and custom categorization, there are also custom fields which are honored in search results. Promote your businesses as featured and enable visitor reviews.  Check out detailed features in the table below.    This is our highest available plan with all features unlocked.\" \/>\n<meta property=\"og:url\" content=\"https:\/\/www.tipsamerica.us\/pt\/produto\/corporate-subscription\/\" \/>\n<meta property=\"og:site_name\" content=\"Tips America\" \/>\n<meta property=\"article:modified_time\" content=\"2022-04-05T00:30:18+00:00\" \/>\n<meta property=\"og:image\" content=\"https:\/\/www.tipsamerica.us\/wp-content\/uploads\/2021\/02\/Directory-Subscriptions-Corporate.png\" \/>\n\t<meta property=\"og:image:width\" content=\"900\" \/>\n\t<meta property=\"og:image:height\" content=\"900\" \/>\n\t<meta property=\"og:image:type\" content=\"image\/png\" \/>\n<meta name=\"twitter:card\" content=\"summary_large_image\" \/>\n<script type=\"application\/ld+json\" class=\"yoast-schema-graph\">{\"@context\":\"https:\\\/\\\/schema.org\",\"@graph\":[{\"@type\":\"WebPage\",\"@id\":\"https:\\\/\\\/www.tipsamerica.us\\\/product\\\/corporate-subscription\\\/\",\"url\":\"https:\\\/\\\/www.tipsamerica.us\\\/product\\\/corporate-subscription\\\/\",\"name\":\"Corporate Subscription - Tips America\",\"isPartOf\":{\"@id\":\"https:\\\/\\\/www.tipsamerica.us\\\/#website\"},\"primaryImageOfPage\":{\"@id\":\"https:\\\/\\\/www.tipsamerica.us\\\/product\\\/corporate-subscription\\\/#primaryimage\"},\"image\":{\"@id\":\"https:\\\/\\\/www.tipsamerica.us\\\/product\\\/corporate-subscription\\\/#primaryimage\"},\"thumbnailUrl\":\"https:\\\/\\\/www.tipsamerica.us\\\/wp-content\\\/uploads\\\/2021\\\/02\\\/Directory-Subscriptions-Corporate.png\",\"datePublished\":\"2021-02-17T14:55:44+00:00\",\"dateModified\":\"2022-04-05T00:30:18+00:00\",\"breadcrumb\":{\"@id\":\"https:\\\/\\\/www.tipsamerica.us\\\/product\\\/corporate-subscription\\\/#breadcrumb\"},\"inLanguage\":\"pt-BR\",\"potentialAction\":[{\"@type\":\"ReadAction\",\"target\":[\"https:\\\/\\\/www.tipsamerica.us\\\/product\\\/corporate-subscription\\\/\"]}]},{\"@type\":\"ImageObject\",\"inLanguage\":\"pt-BR\",\"@id\":\"https:\\\/\\\/www.tipsamerica.us\\\/product\\\/corporate-subscription\\\/#primaryimage\",\"url\":\"https:\\\/\\\/www.tipsamerica.us\\\/wp-content\\\/uploads\\\/2021\\\/02\\\/Directory-Subscriptions-Corporate.png\",\"contentUrl\":\"https:\\\/\\\/www.tipsamerica.us\\\/wp-content\\\/uploads\\\/2021\\\/02\\\/Directory-Subscriptions-Corporate.png\",\"width\":900,\"height\":900},{\"@type\":\"BreadcrumbList\",\"@id\":\"https:\\\/\\\/www.tipsamerica.us\\\/product\\\/corporate-subscription\\\/#breadcrumb\",\"itemListElement\":[{\"@type\":\"ListItem\",\"position\":1,\"name\":\"Home\",\"item\":\"https:\\\/\\\/www.tipsamerica.us\\\/\"},{\"@type\":\"ListItem\",\"position\":2,\"name\":\"Shop\",\"item\":\"https:\\\/\\\/www.tipsamerica.us\\\/shop\\\/\"},{\"@type\":\"ListItem\",\"position\":3,\"name\":\"Corporate Subscription\"}]},{\"@type\":\"WebSite\",\"@id\":\"https:\\\/\\\/www.tipsamerica.us\\\/#website\",\"url\":\"https:\\\/\\\/www.tipsamerica.us\\\/\",\"name\":\"Tips America\",\"description\":\"All of America at Your Fingertips\",\"publisher\":{\"@id\":\"https:\\\/\\\/www.tipsamerica.us\\\/#\\\/schema\\\/person\\\/94691ed7329cef63f0f580a35f9241a4\"},\"potentialAction\":[{\"@type\":\"SearchAction\",\"target\":{\"@type\":\"EntryPoint\",\"urlTemplate\":\"https:\\\/\\\/www.tipsamerica.us\\\/?s={search_term_string}\"},\"query-input\":{\"@type\":\"PropertyValueSpecification\",\"valueRequired\":true,\"valueName\":\"search_term_string\"}}],\"inLanguage\":\"pt-BR\"},{\"@type\":[\"Person\",\"Organization\"],\"@id\":\"https:\\\/\\\/www.tipsamerica.us\\\/#\\\/schema\\\/person\\\/94691ed7329cef63f0f580a35f9241a4\",\"name\":\"tipsamerica\",\"image\":{\"@type\":\"ImageObject\",\"inLanguage\":\"pt-BR\",\"@id\":\"https:\\\/\\\/www.tipsamerica.us\\\/wp-content\\\/uploads\\\/2022\\\/04\\\/rss-logo.png\",\"url\":\"https:\\\/\\\/www.tipsamerica.us\\\/wp-content\\\/uploads\\\/2022\\\/04\\\/rss-logo.png\",\"contentUrl\":\"https:\\\/\\\/www.tipsamerica.us\\\/wp-content\\\/uploads\\\/2022\\\/04\\\/rss-logo.png\",\"width\":200,\"height\":200,\"caption\":\"tipsamerica\"},\"logo\":{\"@id\":\"https:\\\/\\\/www.tipsamerica.us\\\/wp-content\\\/uploads\\\/2022\\\/04\\\/rss-logo.png\"},\"sameAs\":[\"http:\\\/\\\/www.tipsamerica.us\"]}]}<\/script>\n<!-- \/ Yoast SEO plugin. -->","yoast_head_json":{"title":"Corporate Subscription - Tips America","robots":{"index":"index","follow":"follow","max-snippet":"max-snippet:-1","max-image-preview":"max-image-preview:large","max-video-preview":"max-video-preview:-1"},"canonical":"https:\/\/www.tipsamerica.us\/pt\/produto\/corporate-subscription\/","og_locale":"pt_BR","og_type":"article","og_title":"Corporate Subscription - Tips America","og_description":"Promote unlimited number of businesses on our directory website. Corporate subscription is great for companies with many subsidiaries or a network of shops.  Includes everything for your business listings to be discovered. Besides your contact details, navigation to your business and custom categorization, there are also custom fields which are honored in search results. Promote your businesses as featured and enable visitor reviews.  Check out detailed features in the table below.    This is our highest available plan with all features unlocked.","og_url":"https:\/\/www.tipsamerica.us\/pt\/produto\/corporate-subscription\/","og_site_name":"Tips America","article_modified_time":"2022-04-05T00:30:18+00:00","og_image":[{"width":900,"height":900,"url":"https:\/\/www.tipsamerica.us\/wp-content\/uploads\/2021\/02\/Directory-Subscriptions-Corporate.png","type":"image\/png"}],"twitter_card":"summary_large_image","schema":{"@context":"https:\/\/schema.org","@graph":[{"@type":"WebPage","@id":"https:\/\/www.tipsamerica.us\/product\/corporate-subscription\/","url":"https:\/\/www.tipsamerica.us\/product\/corporate-subscription\/","name":"Corporate Subscription - Tips America","isPartOf":{"@id":"https:\/\/www.tipsamerica.us\/#website"},"primaryImageOfPage":{"@id":"https:\/\/www.tipsamerica.us\/product\/corporate-subscription\/#primaryimage"},"image":{"@id":"https:\/\/www.tipsamerica.us\/product\/corporate-subscription\/#primaryimage"},"thumbnailUrl":"https:\/\/www.tipsamerica.us\/wp-content\/uploads\/2021\/02\/Directory-Subscriptions-Corporate.png","datePublished":"2021-02-17T14:55:44+00:00","dateModified":"2022-04-05T00:30:18+00:00","breadcrumb":{"@id":"https:\/\/www.tipsamerica.us\/product\/corporate-subscription\/#breadcrumb"},"inLanguage":"pt-BR","potentialAction":[{"@type":"ReadAction","target":["https:\/\/www.tipsamerica.us\/product\/corporate-subscription\/"]}]},{"@type":"ImageObject","inLanguage":"pt-BR","@id":"https:\/\/www.tipsamerica.us\/product\/corporate-subscription\/#primaryimage","url":"https:\/\/www.tipsamerica.us\/wp-content\/uploads\/2021\/02\/Directory-Subscriptions-Corporate.png","contentUrl":"https:\/\/www.tipsamerica.us\/wp-content\/uploads\/2021\/02\/Directory-Subscriptions-Corporate.png","width":900,"height":900},{"@type":"BreadcrumbList","@id":"https:\/\/www.tipsamerica.us\/product\/corporate-subscription\/#breadcrumb","itemListElement":[{"@type":"ListItem","position":1,"name":"Home","item":"https:\/\/www.tipsamerica.us\/"},{"@type":"ListItem","position":2,"name":"Shop","item":"https:\/\/www.tipsamerica.us\/shop\/"},{"@type":"ListItem","position":3,"name":"Corporate Subscription"}]},{"@type":"WebSite","@id":"https:\/\/www.tipsamerica.us\/#website","url":"https:\/\/www.tipsamerica.us\/","name":"Tips America","description":"All of America at Your Fingertips","publisher":{"@id":"https:\/\/www.tipsamerica.us\/#\/schema\/person\/94691ed7329cef63f0f580a35f9241a4"},"potentialAction":[{"@type":"SearchAction","target":{"@type":"EntryPoint","urlTemplate":"https:\/\/www.tipsamerica.us\/?s={search_term_string}"},"query-input":{"@type":"PropertyValueSpecification","valueRequired":true,"valueName":"search_term_string"}}],"inLanguage":"pt-BR"},{"@type":["Person","Organization"],"@id":"https:\/\/www.tipsamerica.us\/#\/schema\/person\/94691ed7329cef63f0f580a35f9241a4","name":"tipsamerica","image":{"@type":"ImageObject","inLanguage":"pt-BR","@id":"https:\/\/www.tipsamerica.us\/wp-content\/uploads\/2022\/04\/rss-logo.png","url":"https:\/\/www.tipsamerica.us\/wp-content\/uploads\/2022\/04\/rss-logo.png","contentUrl":"https:\/\/www.tipsamerica.us\/wp-content\/uploads\/2022\/04\/rss-logo.png","width":200,"height":200,"caption":"tipsamerica"},"logo":{"@id":"https:\/\/www.tipsamerica.us\/wp-content\/uploads\/2022\/04\/rss-logo.png"},"sameAs":["http:\/\/www.tipsamerica.us"]}]}},"_links":{"self":[{"href":"https:\/\/www.tipsamerica.us\/pt\/wp-json\/wp\/v2\/product\/5937","targetHints":{"allow":["GET"]}}],"collection":[{"href":"https:\/\/www.tipsamerica.us\/pt\/wp-json\/wp\/v2\/product"}],"about":[{"href":"https:\/\/www.tipsamerica.us\/pt\/wp-json\/wp\/v2\/types\/product"}],"replies":[{"embeddable":true,"href":"https:\/\/www.tipsamerica.us\/pt\/wp-json\/wp\/v2\/comments?post=5937"}],"wp:featuredmedia":[{"embeddable":true,"href":"https:\/\/www.tipsamerica.us\/pt\/wp-json\/wp\/v2\/media\/6470"}],"wp:attachment":[{"href":"https:\/\/www.tipsamerica.us\/pt\/wp-json\/wp\/v2\/media?parent=5937"}],"wp:term":[{"taxonomy":"product_brand","embeddable":true,"href":"https:\/\/www.tipsamerica.us\/pt\/wp-json\/wp\/v2\/product_brand?post=5937"},{"taxonomy":"product_cat","embeddable":true,"href":"https:\/\/www.tipsamerica.us\/pt\/wp-json\/wp\/v2\/product_cat?post=5937"},{"taxonomy":"product_tag","embeddable":true,"href":"https:\/\/www.tipsamerica.us\/pt\/wp-json\/wp\/v2\/product_tag?post=5937"}],"curies":[{"name":"wp","href":"https:\/\/api.w.org\/{rel}","templated":true}]}}